{"id":210,"date":"2025-06-10T11:08:26","date_gmt":"2025-06-10T09:08:26","guid":{"rendered":"http:\/\/spcooking.es\/?page_id=210"},"modified":"2025-10-07T14:35:16","modified_gmt":"2025-10-07T12:35:16","slug":"sobre-nosotros","status":"publish","type":"page","link":"https:\/\/spcooking.es\/en\/sobre-nosotros\/","title":{"rendered":"About Us"},"content":{"rendered":"<div data-elementor-type=\"wp-page\" data-elementor-id=\"210\" class=\"elementor elementor-210\" data-elementor-post-type=\"page\">\n\t\t\t\t<div class=\"elementor-element elementor-element-60bdebd e-flex e-con-boxed e-con e-parent\" data-id=\"60bdebd\" data-element_type=\"container\" data-settings=\"{&quot;background_background&quot;:&quot;classic&quot;}\">\n\t\t\t\t\t<div class=\"e-con-inner\">\n\t\t<div class=\"elementor-element elementor-element-1ee6865b e-con-full e-flex e-con e-child\" data-id=\"1ee6865b\" data-element_type=\"container\" data-settings=\"{&quot;background_background&quot;:&quot;classic&quot;}\">\n\t\t\t\t<div class=\"elementor-element elementor-element-7bf5b4cb elementor-widget elementor-widget-elementskit-heading\" data-id=\"7bf5b4cb\" data-element_type=\"widget\" data-widget_type=\"elementskit-heading.default\">\n\t\t\t\t<div class=\"elementor-widget-container\">\n\t\t\t\t\t<div class=\"ekit-wid-con\" ><div class=\"ekit-heading elementskit-section-title-wraper text_center   ekit_heading_tablet-   ekit_heading_mobile-\"><h1 class=\"ekit-heading--title elementskit-section-title text_fill\"> <span><span>About<\/span><\/span> Us<\/h1><\/div><\/div>\t\t\t\t<\/div>\n\t\t\t\t<\/div>\n\t\t\t\t<div class=\"elementor-element elementor-element-108d3a9e elementor-widget elementor-widget-heading\" data-id=\"108d3a9e\" data-element_type=\"widget\" data-widget_type=\"heading.default\">\n\t\t\t\t<div class=\"elementor-widget-container\">\n\t\t\t\t\t<h2 class=\"elementor-heading-title elementor-size-default\">Creating memorable moments, one dish at a time.<\/h2>\t\t\t\t<\/div>\n\t\t\t\t<\/div>\n\t\t\t\t<\/div>\n\t\t\t\t\t<\/div>\n\t\t\t\t<\/div>\n\t\t<div class=\"elementor-element elementor-element-7bec7ccc e-flex e-con-boxed e-con e-parent\" data-id=\"7bec7ccc\" data-element_type=\"container\">\n\t\t\t\t\t<div class=\"e-con-inner\">\n\t\t<div class=\"elementor-element elementor-element-3d633e3b e-con-full e-flex e-con e-child\" data-id=\"3d633e3b\" data-element_type=\"container\">\n\t\t\t\t<div class=\"elementor-element elementor-element-258134a0 elementor-widget elementor-widget-heading\" data-id=\"258134a0\" data-element_type=\"widget\" data-widget_type=\"heading.default\">\n\t\t\t\t<div class=\"elementor-widget-container\">\n\t\t\t\t\t<p class=\"elementor-heading-title elementor-size-default\">Who are we?<\/p>\t\t\t\t<\/div>\n\t\t\t\t<\/div>\n\t\t\t\t<div class=\"elementor-element elementor-element-4ffe48d7 elementor-widget elementor-widget-text-editor\" data-id=\"4ffe48d7\" data-element_type=\"widget\" data-widget_type=\"text-editor.default\">\n\t\t\t\t<div class=\"elementor-widget-container\">\n\t\t\t\t\t\t\t\t\t<p>I remember my grandmother as a strong woman, full of character and presence, with large hands, gray hair, and a loud voice. I remember her preparing the empanada dough in my mother\u2019s kitchen, following no recipe other than the wisdom she had gained over the years. After kneading, she would take the ball of dough in her hand and, tapping it on the table, gather the little pieces of dough that had fallen aside\u2026 those small bits that, if they didn\u2019t turn into a luxurious empanada in the oven, would never be enjoyed by anyone, destined forever to become Lost Smiles.<\/p>\t\t\t\t\t\t\t\t<\/div>\n\t\t\t\t<\/div>\n\t\t\t\t<\/div>\n\t\t\t\t\t<\/div>\n\t\t\t\t<\/div>\n\t\t<div class=\"elementor-element elementor-element-2c62cca e-flex e-con-boxed e-con e-parent\" data-id=\"2c62cca\" data-element_type=\"container\">\n\t\t\t\t\t<div class=\"e-con-inner\">\n\t\t<div class=\"elementor-element elementor-element-dbf0cfd e-con-full e-flex e-con e-child\" data-id=\"dbf0cfd\" data-element_type=\"container\">\n\t\t\t\t<div class=\"elementor-element elementor-element-79730c6 elementor-widget elementor-widget-text-editor\" data-id=\"79730c6\" data-element_type=\"widget\" data-widget_type=\"text-editor.default\">\n\t\t\t\t<div class=\"elementor-widget-container\">\n\t\t\t\t\t\t\t\t\t<p>Additionally, for those who want to know a little more about who is behind this project, my name is Rosa Gull\u00f3n. I am an engineer by training and a host by vocation.<\/p><p>There isn\u2019t much more to know about me, except that precisely because of this vocation, I personally get involved in every project that comes to SP to ensure it ends up being a success.<\/p><p>When asked what we are, we have to say that we are a catering service, but in reality, we see ourselves as much more than that\u2014we are creators of all kinds of events centered around great cuisine.<\/p><p>We cover a wide range of experiences: from breakfasts, brunches, lunches, cocktails, and dinners (both private and corporate) to gift packages filled with our finest creations, as well as cooking courses and team-building sessions in our kitchen lobby\u2026 and all of this always, inevitably, with the utmost care and dedication in our kitchen.<\/p>\t\t\t\t\t\t\t\t<\/div>\n\t\t\t\t<\/div>\n\t\t\t\t<div class=\"elementor-element elementor-element-8b5ca1e elementor-widget elementor-widget-button\" data-id=\"8b5ca1e\" data-element_type=\"widget\" data-widget_type=\"button.default\">\n\t\t\t\t<div class=\"elementor-widget-container\">\n\t\t\t\t\t\t\t\t\t<div class=\"elementor-button-wrapper\">\n\t\t\t\t\t<a class=\"elementor-button elementor-button-link elementor-size-sm\" href=\"\/en\/contacto\/\">\n\t\t\t\t\t\t<span class=\"elementor-button-content-wrapper\">\n\t\t\t\t\t\t\t\t\t<span class=\"elementor-button-text\">Contact<\/span>\n\t\t\t\t\t<\/span>\n\t\t\t\t\t<\/a>\n\t\t\t\t<\/div>\n\t\t\t\t\t\t\t\t<\/div>\n\t\t\t\t<\/div>\n\t\t\t\t<\/div>\n\t\t\t\t\t<\/div>\n\t\t\t\t<\/div>\n\t\t<div class=\"elementor-element elementor-element-ed87143 e-flex e-con-boxed e-con e-parent\" data-id=\"ed87143\" data-element_type=\"container\">\n\t\t\t\t\t<div class=\"e-con-inner\">\n\t\t\t\t<div class=\"elementor-element elementor-element-1115163 elementor-widget-divider--view-line elementor-widget elementor-widget-divider\" data-id=\"1115163\" data-element_type=\"widget\" data-widget_type=\"divider.default\">\n\t\t\t\t<div class=\"elementor-widget-container\">\n\t\t\t\t\t\t\t<div class=\"elementor-divider\">\n\t\t\t<span class=\"elementor-divider-separator\">\n\t\t\t\t\t\t<\/span>\n\t\t<\/div>\n\t\t\t\t\t\t<\/div>\n\t\t\t\t<\/div>\n\t\t\t\t\t<\/div>\n\t\t\t\t<\/div>\n\t\t\t\t<\/div>","protected":false},"excerpt":{"rendered":"<p>Sobre nosotros Creando momentos memorables, plato a plato. \u00bfQui\u00e9nes somos? Recuerdo a mi abuela como una mujer fuerte, de car\u00e1cter y de complexi\u00f3n, con manos grandes, pelo cano y voz alta. La recuerdo elaborando la masa de la empanada en la cocina de mi madre, sin m\u00e1s receta que la sabidur\u00eda adquirida. Al acabar de [&hellip;]<\/p>","protected":false},"author":1,"featured_media":0,"parent":0,"menu_order":0,"comment_status":"closed","ping_status":"closed","template":"elementor_header_footer","meta":{"footnotes":""},"class_list":["post-210","page","type-page","status-publish","hentry"],"yoast_head":"<!-- This site is optimized with the Yoast SEO plugin v26.8 - https:\/\/yoast.com\/product\/yoast-seo-wordpress\/ -->\n<title>Sobre nosotros - SP Cooking<\/title>\n<meta name=\"robots\" content=\"index, follow, max-snippet:-1, max-image-preview:large, max-video-preview:-1\" \/>\n<link rel=\"canonical\" href=\"https:\/\/spcooking.es\/en\/sobre-nosotros\/\" \/>\n<meta property=\"og:locale\" content=\"en_GB\" \/>\n<meta property=\"og:type\" content=\"article\" \/>\n<meta property=\"og:title\" content=\"Sobre nosotros - SP Cooking\" \/>\n<meta property=\"og:description\" content=\"Sobre nosotros Creando momentos memorables, plato a plato. \u00bfQui\u00e9nes somos? Recuerdo a mi abuela como una mujer fuerte, de car\u00e1cter y de complexi\u00f3n, con manos grandes, pelo cano y voz alta. La recuerdo elaborando la masa de la empanada en la cocina de mi madre, sin m\u00e1s receta que la sabidur\u00eda adquirida. Al acabar de [&hellip;]\" \/>\n<meta property=\"og:url\" content=\"https:\/\/spcooking.es\/en\/sobre-nosotros\/\" \/>\n<meta property=\"og:site_name\" content=\"SP Cooking\" \/>\n<meta property=\"article:modified_time\" content=\"2025-10-07T12:35:16+00:00\" \/>\n<meta name=\"twitter:card\" content=\"summary_large_image\" \/>\n<meta name=\"twitter:label1\" content=\"Estimated reading time\" \/>\n\t<meta name=\"twitter:data1\" content=\"2 minutes\" \/>\n<script type=\"application\/ld+json\" class=\"yoast-schema-graph\">{\"@context\":\"https:\/\/schema.org\",\"@graph\":[{\"@type\":\"WebPage\",\"@id\":\"https:\/\/spcooking.es\/sobre-nosotros\/\",\"url\":\"https:\/\/spcooking.es\/sobre-nosotros\/\",\"name\":\"Sobre nosotros - SP Cooking\",\"isPartOf\":{\"@id\":\"https:\/\/spcooking.es\/#website\"},\"datePublished\":\"2025-06-10T09:08:26+00:00\",\"dateModified\":\"2025-10-07T12:35:16+00:00\",\"breadcrumb\":{\"@id\":\"https:\/\/spcooking.es\/sobre-nosotros\/#breadcrumb\"},\"inLanguage\":\"en-GB\",\"potentialAction\":[{\"@type\":\"ReadAction\",\"target\":[\"https:\/\/spcooking.es\/sobre-nosotros\/\"]}]},{\"@type\":\"BreadcrumbList\",\"@id\":\"https:\/\/spcooking.es\/sobre-nosotros\/#breadcrumb\",\"itemListElement\":[{\"@type\":\"ListItem\",\"position\":1,\"name\":\"Portada\",\"item\":\"https:\/\/spcooking.es\/\"},{\"@type\":\"ListItem\",\"position\":2,\"name\":\"Sobre nosotros\"}]},{\"@type\":\"WebSite\",\"@id\":\"https:\/\/spcooking.es\/#website\",\"url\":\"https:\/\/spcooking.es\/\",\"name\":\"SP Cooking\",\"description\":\"\",\"publisher\":{\"@id\":\"https:\/\/spcooking.es\/#organization\"},\"potentialAction\":[{\"@type\":\"SearchAction\",\"target\":{\"@type\":\"EntryPoint\",\"urlTemplate\":\"https:\/\/spcooking.es\/?s={search_term_string}\"},\"query-input\":{\"@type\":\"PropertyValueSpecification\",\"valueRequired\":true,\"valueName\":\"search_term_string\"}}],\"inLanguage\":\"en-GB\"},{\"@type\":\"Organization\",\"@id\":\"https:\/\/spcooking.es\/#organization\",\"name\":\"SP Cooking\",\"url\":\"https:\/\/spcooking.es\/\",\"logo\":{\"@type\":\"ImageObject\",\"inLanguage\":\"en-GB\",\"@id\":\"https:\/\/spcooking.es\/#\/schema\/logo\/image\/\",\"url\":\"https:\/\/spcooking.es\/wp-content\/uploads\/2025\/06\/cropped-LOGO-SP-1.png\",\"contentUrl\":\"https:\/\/spcooking.es\/wp-content\/uploads\/2025\/06\/cropped-LOGO-SP-1.png\",\"width\":159,\"height\":102,\"caption\":\"SP Cooking\"},\"image\":{\"@id\":\"https:\/\/spcooking.es\/#\/schema\/logo\/image\/\"}}]}<\/script>\n<!-- \/ Yoast SEO plugin. -->","yoast_head_json":{"title":"Sobre nosotros - SP Cooking","robots":{"index":"index","follow":"follow","max-snippet":"max-snippet:-1","max-image-preview":"max-image-preview:large","max-video-preview":"max-video-preview:-1"},"canonical":"https:\/\/spcooking.es\/en\/sobre-nosotros\/","og_locale":"en_GB","og_type":"article","og_title":"Sobre nosotros - SP Cooking","og_description":"Sobre nosotros Creando momentos memorables, plato a plato. \u00bfQui\u00e9nes somos? Recuerdo a mi abuela como una mujer fuerte, de car\u00e1cter y de complexi\u00f3n, con manos grandes, pelo cano y voz alta. La recuerdo elaborando la masa de la empanada en la cocina de mi madre, sin m\u00e1s receta que la sabidur\u00eda adquirida. Al acabar de [&hellip;]","og_url":"https:\/\/spcooking.es\/en\/sobre-nosotros\/","og_site_name":"SP Cooking","article_modified_time":"2025-10-07T12:35:16+00:00","twitter_card":"summary_large_image","twitter_misc":{"Estimated reading time":"2 minutes"},"schema":{"@context":"https:\/\/schema.org","@graph":[{"@type":"WebPage","@id":"https:\/\/spcooking.es\/sobre-nosotros\/","url":"https:\/\/spcooking.es\/sobre-nosotros\/","name":"Sobre nosotros - SP Cooking","isPartOf":{"@id":"https:\/\/spcooking.es\/#website"},"datePublished":"2025-06-10T09:08:26+00:00","dateModified":"2025-10-07T12:35:16+00:00","breadcrumb":{"@id":"https:\/\/spcooking.es\/sobre-nosotros\/#breadcrumb"},"inLanguage":"en-GB","potentialAction":[{"@type":"ReadAction","target":["https:\/\/spcooking.es\/sobre-nosotros\/"]}]},{"@type":"BreadcrumbList","@id":"https:\/\/spcooking.es\/sobre-nosotros\/#breadcrumb","itemListElement":[{"@type":"ListItem","position":1,"name":"Portada","item":"https:\/\/spcooking.es\/"},{"@type":"ListItem","position":2,"name":"Sobre nosotros"}]},{"@type":"WebSite","@id":"https:\/\/spcooking.es\/#website","url":"https:\/\/spcooking.es\/","name":"SP Cooking","description":"","publisher":{"@id":"https:\/\/spcooking.es\/#organization"},"potentialAction":[{"@type":"SearchAction","target":{"@type":"EntryPoint","urlTemplate":"https:\/\/spcooking.es\/?s={search_term_string}"},"query-input":{"@type":"PropertyValueSpecification","valueRequired":true,"valueName":"search_term_string"}}],"inLanguage":"en-GB"},{"@type":"Organization","@id":"https:\/\/spcooking.es\/#organization","name":"SP Cooking","url":"https:\/\/spcooking.es\/","logo":{"@type":"ImageObject","inLanguage":"en-GB","@id":"https:\/\/spcooking.es\/#\/schema\/logo\/image\/","url":"https:\/\/spcooking.es\/wp-content\/uploads\/2025\/06\/cropped-LOGO-SP-1.png","contentUrl":"https:\/\/spcooking.es\/wp-content\/uploads\/2025\/06\/cropped-LOGO-SP-1.png","width":159,"height":102,"caption":"SP Cooking"},"image":{"@id":"https:\/\/spcooking.es\/#\/schema\/logo\/image\/"}}]}},"_links":{"self":[{"href":"https:\/\/spcooking.es\/en\/wp-json\/wp\/v2\/pages\/210","targetHints":{"allow":["GET"]}}],"collection":[{"href":"https:\/\/spcooking.es\/en\/wp-json\/wp\/v2\/pages"}],"about":[{"href":"https:\/\/spcooking.es\/en\/wp-json\/wp\/v2\/types\/page"}],"author":[{"embeddable":true,"href":"https:\/\/spcooking.es\/en\/wp-json\/wp\/v2\/users\/1"}],"replies":[{"embeddable":true,"href":"https:\/\/spcooking.es\/en\/wp-json\/wp\/v2\/comments?post=210"}],"version-history":[{"count":85,"href":"https:\/\/spcooking.es\/en\/wp-json\/wp\/v2\/pages\/210\/revisions"}],"predecessor-version":[{"id":852,"href":"https:\/\/spcooking.es\/en\/wp-json\/wp\/v2\/pages\/210\/revisions\/852"}],"wp:attachment":[{"href":"https:\/\/spcooking.es\/en\/wp-json\/wp\/v2\/media?parent=210"}],"curies":[{"name":"wp","href":"https:\/\/api.w.org\/{rel}","templated":true}]}}